{"id":109,"date":"2017-06-30T11:08:46","date_gmt":"2017-06-30T11:08:46","guid":{"rendered":"http:\/\/diagnosticlleida.com\/?page_id=109"},"modified":"2021-02-11T10:38:27","modified_gmt":"2021-02-11T10:38:27","slug":"politica-cookies","status":"publish","type":"page","link":"http:\/\/diagnosticlleida.com\/index.php\/politica-cookies\/","title":{"rendered":"Pol\u00edtica de cookies"},"content":{"rendered":"<p>[et_pb_section fb_built=\u00bb1&#8243; admin_label=\u00bbsection\u00bb _builder_version=\u00bb3.22&#8243;][et_pb_row admin_label=\u00bbrow\u00bb _builder_version=\u00bb3.25&#8243; background_size=\u00bbinitial\u00bb background_position=\u00bbtop_left\u00bb background_repeat=\u00bbrepeat\u00bb][et_pb_column type=\u00bb4_4&#8243; _builder_version=\u00bb3.25&#8243; custom_padding=\u00bb|||\u00bb custom_padding__hover=\u00bb|||\u00bb][et_pb_text admin_label=\u00bbTexto\u00bb _builder_version=\u00bb4.8.2&#8243; hover_enabled=\u00bb0&#8243; border_style=\u00bbsolid\u00bb sticky_enabled=\u00bb0&#8243;]<\/p>\n<div class=\" et_pb_row et_pb_row_0\">\n<div class=\"et_pb_column et_pb_column_4_4  et_pb_column_0\">\n<div class=\"et_pb_text et_pb_module et_pb_bg_layout_light et_pb_text_align_justified  et_pb_text_0\">\nUtilizamos cookies para facilitar el uso de nuestra p\u00e1gina web. Las cookies son peque\u00f1os ficheros de informaci\u00f3n que nos permiten comparar y entender c\u00f3mo nuestros usuarios navegan a trav\u00e9s de nuestra p\u00e1gina web, y de esta manera poder mejorar consecuentemente el proceso de navegaci\u00f3n. Las cookies que utilizamos no almacenan dato personal alguno, ni ning\u00fan tipo de informaci\u00f3n que pueda identificarle. En caso de no querer recibir cookies, por favor configure su navegador de Internet para que las borre del disco duro de su ordenador, las bloquee o le avise en caso de instalaci\u00f3n de las mismas. Para continuar sin cambios en la configuraci\u00f3n de las cookies, simplemente contin\u00fae en la p\u00e1gina web.<br \/>\nPuedes obtener m\u00e1s informaci\u00f3n sobre las cookies y su uso en www.aboutcookies.org.<br \/>\nLos tipos de cookies que utilizamos<br \/>\n<\/p>\n<ul>\n<li><strong>Cookies estrictamente necesarias:<\/strong><\/li>\n<p>Estas cookies son necesarias para el correcto uso de la p\u00e1gina web, permitiendo el acceso a secciones que cuentan con filtros de seguridad. Sin estas cookies, muchos de los servicios disponibles no estar\u00edan operativos.<\/p>\n<table>\n<tr>\n<td>Nombre<\/td>\n<td>Propia o de terceros<\/td>\n<td>Dominio<\/td>\n<td>Descripci\u00f3n<\/td>\n<td>Duraci\u00f3n<\/td>\n<\/tr>\n<tr>\n<td><\/td>\n<td><\/td>\n<td><\/td>\n<td><\/td>\n<td><\/td>\n<\/tr>\n<tr>\n<td><\/td>\n<td><\/td>\n<td><\/td>\n<td><\/td>\n<td><\/td>\n<\/tr>\n<tr>\n<td><\/td>\n<td><\/td>\n<td><\/td>\n<td><\/td>\n<td><\/td>\n<\/tr>\n<\/table>\n<li><strong>Cookies de Navegaci\u00f3n:<\/strong><\/li>\n<p>Estas cookies recogen informaci\u00f3n sobre el uso que las visitas hacen de la web, por ejemplo, p\u00e1ginas vistas, errores de carga&#8230; Es informaci\u00f3n gen\u00e9rica y an\u00f3nima, donde no se incluyen datos personales, ni se recoge informaci\u00f3n que identifique a los visitantes; siendo el objetivo \u00faltimo mejorar el funcionamiento de la web.<\/p>\n<table>\n<tr>\n<td>Nombre<\/td>\n<td>Propia o de terceros<\/td>\n<td>Dominio<\/td>\n<td>Descripci\u00f3n<\/td>\n<td>Duraci\u00f3n<\/td>\n<\/tr>\n<tr>\n<td><\/td>\n<td><\/td>\n<td><\/td>\n<td><\/td>\n<td><\/td>\n<\/tr>\n<tr>\n<td><\/td>\n<td><\/td>\n<td><\/td>\n<td><\/td>\n<td><\/td>\n<\/tr>\n<tr>\n<td><\/td>\n<td><\/td>\n<td><\/td>\n<td><\/td>\n<td><\/td>\n<\/tr>\n<\/table>\n<li><strong>Cookies Funcionales:<\/strong><\/li>\n<p>Estas cookies permiten recordar informaci\u00f3n (como su nombre de usuario, idioma o la regi\u00f3n en la que se encuentra) y caracter\u00edsticas m\u00e1s personales. Por ejemplo, la posibilidad de ofrecer contenido personalizado basado en la informaci\u00f3n y criterios que hayas proporcionado voluntariamente. Estas cookies tambi\u00e9n pueden utilizarse para recordar los cambios realizados en el tama\u00f1o del texto, fuentes y otras partes personalizables de la p\u00e1gina web. Tambi\u00e9n se utilizan para ofrecer algunos servicios solicitados, como ver un video o comentar en un blog. La informaci\u00f3n que recopilan estas cookies puede ser an\u00f3nima y no podr\u00e1 ser seguida su actividad en otras p\u00e1ginas web.<\/p>\n<table>\n<tr>\n<td>Nombre<\/td>\n<td>Propia o de terceros<\/td>\n<td>Dominio<\/td>\n<td>Descripci\u00f3n<\/td>\n<td>Duraci\u00f3n<\/td>\n<\/tr>\n<tr>\n<td><\/td>\n<td><\/td>\n<td><\/td>\n<td><\/td>\n<td><\/td>\n<\/tr>\n<tr>\n<td><\/td>\n<td><\/td>\n<td><\/td>\n<td><\/td>\n<td><\/td>\n<\/tr>\n<tr>\n<td><\/td>\n<td><\/td>\n<td><\/td>\n<td><\/td>\n<td><\/td>\n<\/tr>\n<\/table>\n<li><strong>Cookies de Marketing y Trackeo:<\/strong><\/li>\n<p>Estas cookies tienen por objetivo guardar informaci\u00f3n sobre la navegaci\u00f3n del usuario en las sesiones anteriores. Con esta informaci\u00f3n guardada, el sitio web mostrar\u00e1 por preferencia y por defecto la informaci\u00f3n guardada en el navegador, mostrando la versi\u00f3n del sitio web que mejor se ajusta a los intereses del usuario<br \/>\n<strong>C\u00f3mo administrar las cookies en los ordenadores<\/strong><br \/>\nUsted puede restringir, bloquear o borrar las cookies de cualquier p\u00e1gina web, utilizando su navegador.<br \/>\nEn cada navegador la operativa es diferente, la funci\u00f3n de &#8216;Ayuda\u00bb le mostrar\u00e1 c\u00f3mo hacerlo.<\/p>\n<ul>\n<li>Internet Explorer: windows.microsoft.com\/es-xl\/internet-explorer\/delete-manage-cookies#ie=\u00bbie-10&#8243;<\/li>\n<li>FireFox: mozilla.org\/es\/kb\/Borrar%20cookies<\/li>\n<li>Chrome: support.google.com\/chrome\/answer\/95647?hl=\u00bbes\u00bb<\/li>\n<li>Safari: apple.com\/es\/privacy\/use-of-cookies\/<\/li>\n<\/ul>\n<p>Adem\u00e1s, tambi\u00e9n puede gestionar el almac\u00e9n de cookies en su navegador a trav\u00e9s de herramientas como las siguientes:<\/p>\n<ul>\n<li>Ghostery: ghostery.com\/<\/li>\n<li>Your online choices: youronlinechoices.com\/es\/<\/li>\n<\/ul>\n<\/div>\n<\/div>\n<\/div>\n<p>[\/et_pb_text][\/et_pb_column][\/et_pb_row][\/et_pb_section]<\/p>\n","protected":false},"excerpt":{"rendered":"<p>[et_pb_section fb_built=\u00bb1&#8243; admin_label=\u00bbsection\u00bb _builder_version=\u00bb3.22&#8243;][et_pb_row admin_label=\u00bbrow\u00bb _builder_version=\u00bb3.25&#8243; background_size=\u00bbinitial\u00bb background_position=\u00bbtop_left\u00bb background_repeat=\u00bbrepeat\u00bb][et_pb_column type=\u00bb4_4&#8243; _builder_version=\u00bb3.25&#8243; custom_padding=\u00bb|||\u00bb custom_padding__hover=\u00bb|||\u00bb][et_pb_text admin_label=\u00bbTexto\u00bb _builder_version=\u00bb4.8.2&#8243; hover_enabled=\u00bb0&#8243; border_style=\u00bbsolid\u00bb sticky_enabled=\u00bb0&#8243;] Utilizamos cookies para facilitar el uso de nuestra p\u00e1gina web. Las cookies son peque\u00f1os ficheros de informaci\u00f3n que nos permiten comparar y entender c\u00f3mo nuestros usuarios navegan a trav\u00e9s de nuestra p\u00e1gina web, y de esta manera [&hellip;]<\/p>\n","protected":false},"author":1,"featured_media":0,"parent":0,"menu_order":0,"comment_status":"closed","ping_status":"closed","template":"","meta":{"_et_pb_use_builder":"on","_et_pb_old_content":"","_et_gb_content_width":""},"yoast_head":"<!-- This site is optimized with the Yoast SEO plugin v15.7 - https:\/\/yoast.com\/wordpress\/plugins\/seo\/ -->\n<title>Politica de cookies<\/title>\n<meta name=\"description\" content=\"Politica de cookies.\" \/>\n<meta name=\"robots\" content=\"index, follow, max-snippet:-1, max-image-preview:large, max-video-preview:-1\" \/>\n<link rel=\"canonical\" href=\"http:\/\/diagnosticlleida.com\/index.php\/politica-cookies\/\" \/>\n<meta property=\"og:locale\" content=\"es_ES\" \/>\n<meta property=\"og:type\" content=\"article\" \/>\n<meta property=\"og:title\" content=\"Politica de cookies\" \/>\n<meta property=\"og:description\" content=\"Politica de cookies.\" \/>\n<meta property=\"og:url\" content=\"http:\/\/diagnosticlleida.com\/index.php\/politica-cookies\/\" \/>\n<meta property=\"og:site_name\" content=\"Diagn\u00f2stic Lleida\" \/>\n<meta property=\"article:modified_time\" content=\"2021-02-11T10:38:27+00:00\" \/>\n<meta name=\"twitter:card\" content=\"summary\" \/>\n<meta name=\"twitter:label1\" content=\"Tiempo de lectura\">\n\t<meta name=\"twitter:data1\" content=\"3 minutos\">\n<script type=\"application\/ld+json\" class=\"yoast-schema-graph\">{\"@context\":\"https:\/\/schema.org\",\"@graph\":[{\"@type\":\"WebSite\",\"@id\":\"http:\/\/diagnosticlleida.com\/#website\",\"url\":\"http:\/\/diagnosticlleida.com\/\",\"name\":\"Diagn\\u00f2stic Lleida\",\"description\":\"Diagn\\u00f2stic Lleida\",\"potentialAction\":[{\"@type\":\"SearchAction\",\"target\":\"http:\/\/diagnosticlleida.com\/?s={search_term_string}\",\"query-input\":\"required name=search_term_string\"}],\"inLanguage\":\"es\"},{\"@type\":\"WebPage\",\"@id\":\"http:\/\/diagnosticlleida.com\/index.php\/politica-cookies\/#webpage\",\"url\":\"http:\/\/diagnosticlleida.com\/index.php\/politica-cookies\/\",\"name\":\"Politica de cookies\",\"isPartOf\":{\"@id\":\"http:\/\/diagnosticlleida.com\/#website\"},\"datePublished\":\"2017-06-30T11:08:46+00:00\",\"dateModified\":\"2021-02-11T10:38:27+00:00\",\"description\":\"Politica de cookies.\",\"inLanguage\":\"es\",\"potentialAction\":[{\"@type\":\"ReadAction\",\"target\":[\"http:\/\/diagnosticlleida.com\/index.php\/politica-cookies\/\"]}]}]}<\/script>\n<!-- \/ Yoast SEO plugin. -->","_links":{"self":[{"href":"http:\/\/diagnosticlleida.com\/index.php\/wp-json\/wp\/v2\/pages\/109"}],"collection":[{"href":"http:\/\/diagnosticlleida.com\/index.php\/wp-json\/wp\/v2\/pages"}],"about":[{"href":"http:\/\/diagnosticlleida.com\/index.php\/wp-json\/wp\/v2\/types\/page"}],"author":[{"embeddable":true,"href":"http:\/\/diagnosticlleida.com\/index.php\/wp-json\/wp\/v2\/users\/1"}],"replies":[{"embeddable":true,"href":"http:\/\/diagnosticlleida.com\/index.php\/wp-json\/wp\/v2\/comments?post=109"}],"version-history":[{"count":3,"href":"http:\/\/diagnosticlleida.com\/index.php\/wp-json\/wp\/v2\/pages\/109\/revisions"}],"predecessor-version":[{"id":215,"href":"http:\/\/diagnosticlleida.com\/index.php\/wp-json\/wp\/v2\/pages\/109\/revisions\/215"}],"wp:attachment":[{"href":"http:\/\/diagnosticlleida.com\/index.php\/wp-json\/wp\/v2\/media?parent=109"}],"curies":[{"name":"wp","href":"https:\/\/api.w.org\/{rel}","templated":true}]}}