{"id":157,"date":"2018-03-27T11:08:14","date_gmt":"2018-03-27T11:08:14","guid":{"rendered":"http:\/\/diagnosticlleida.com\/?page_id=157"},"modified":"2021-02-09T16:33:23","modified_gmt":"2021-02-09T16:33:23","slug":"aviso-legal","status":"publish","type":"page","link":"https:\/\/diagnosticlleida.com\/index.php\/aviso-legal\/","title":{"rendered":"Aviso legal"},"content":{"rendered":"<p>[et_pb_section fb_built=\u00bb1&#8243; admin_label=\u00bbsection\u00bb _builder_version=\u00bb3.22&#8243;][et_pb_row admin_label=\u00bbrow\u00bb _builder_version=\u00bb4.8.2&#8243; background_size=\u00bbinitial\u00bb background_position=\u00bbtop_left\u00bb background_repeat=\u00bbrepeat\u00bb hover_enabled=\u00bb0&#8243;][et_pb_column type=\u00bb4_4&#8243; _builder_version=\u00bb3.25&#8243; custom_padding=\u00bb|||\u00bb custom_padding__hover=\u00bb|||\u00bb][et_pb_text admin_label=\u00bbText\u00bb _builder_version=\u00bb4.8.2&#8243; background_size=\u00bbinitial\u00bb background_position=\u00bbtop_left\u00bb background_repeat=\u00bbrepeat\u00bb hover_enabled=\u00bb0&#8243; sticky_enabled=\u00bb0&#8243;]<\/p>\n<h1>AVISO LEGAL<\/h1>\n<p align=\"justify\"><span style=\"font-size: 14px; text-align: left;\">El presente aviso legal regula el uso del sitio web <strong>www.diagnosticlleida.com<\/strong> (en adelante, el <em>\u00abSitio Web\u00bb<\/em>) de <strong>DIAGNOSTIC LLEIDA SL<\/strong> con CIF <strong>B25825084<\/strong> con domicilio en <strong>Balmes 21, 2\u00ba. de Lleida 25006 (Lleida), email info@diagnosticlleida.com<\/strong> e Inscrita en el <strong>Registro Mercantil de Lleida Tomo 1502, Folio 147, Secci\u00f3n 8, Hoja L-30308<\/strong><\/span><\/p>\n<h2 align=\"justify\"><span style=\"text-align: left; color: #333333;\">LEGISLACION<\/span><\/h2>\n<p align=\"justify\"><span style=\"text-align: left;\">Con car\u00e1cter general las relaciones entre DIAGNOSTIC LLEIDA con los Usuarios de sus servicios telem\u00e1ticos, presentes en este sitio web, se encuentran sometidas a la legislaci\u00f3n y jurisdicci\u00f3n espa\u00f1ola. En concreto Ley Org\u00e1nica 34\/2002, de 11 de Julio, de Servicios de la Sociedad de la Informaci\u00f3n y de Comercio Electr\u00f3nico, el Reglamento General de Protecci\u00f3n de Datos de la Uni\u00f3n Europea 2016\/679 de 27 de abril de 2016 relativo a la protecci\u00f3n de las personas f\u00edsicas en lo que respecta al tratamiento de datos personales y a la libre circulaci\u00f3n de estos datos y Ley Org\u00e1nica 3\/2018, de 5 de diciembre, de Protecci\u00f3n de Datos de Car\u00e1cter Personal y Garant\u00eda de los Derechos Digitales.<\/span><\/p>\n<h2 align=\"justify\"><span style=\"text-align: left; color: #333333;\">USO Y ACCESO DE USUARIOS<\/span><\/h2>\n<p align=\"justify\"><span style=\"text-align: left;\">El Usuario queda informado, y acepta, que el acceso a la presente web no supone, en modo alguno, el inicio de una relaci\u00f3n comercial con DIAGNOSTIC LLEIDA o cualquiera de sus distribuidores.<\/span><\/p>\n<h2 align=\"justify\"><span style=\"text-align: left; color: #333333;\">PROPIEDAD INTELECTUAL E INDUSTRIAL<\/span><\/h2>\n<p align=\"justify\"><span style=\"text-align: left;\">Los derechos de propiedad intelectual del contenido de las p\u00e1ginas web, su dise\u00f1o gr\u00e1fico y c\u00f3digos son titularidad de DIAGNOSTIC LLEIDA y, por tanto, queda prohibida su reproducci\u00f3n, distribuci\u00f3n, comunicaci\u00f3n p\u00fablica, transformaci\u00f3n o cualquier otra actividad que se pueda realizar con los contenidos de sus p\u00e1ginas web ni aun citando las fuentes, salvo consentimiento por escrito de DIAGNOSTIC LLEIDA\u00a0<\/span><\/p>\n<h2 align=\"justify\"><span style=\"text-align: left; color: #333333;\">RESERVA DE DERECHOS<\/span><\/h2>\n<p align=\"justify\"><span style=\"text-align: left;\">DIAGNOSTIC LLEIDA podr\u00e1, cuando lo considere conveniente, realizar correcciones, mejoras o modificaciones en la estructura, dise\u00f1o web, as\u00ed como cualquier informaci\u00f3n contenida en la p\u00e1gina, modificar o eliminar productos, las condiciones de acceso o incluso de uso de la web de forma unilateral y sin previo aviso sin que ello de lugar, ni derecho a ninguna reclamaci\u00f3n o indemnizaci\u00f3n, ni implique reconocimiento de responsabilidad alguna.<\/span><\/p>\n<p align=\"justify\"><span style=\"text-align: left;\">DIAGNOSTIC LLEIDA se reserva el derecho para interrumpir, suspender o terminar la prestaci\u00f3n del servicio del sitio web o de cualquiera de los servicios que lo integran.<\/span><\/p>\n<h2 align=\"justify\"><span style=\"text-align: left; color: #333333;\">EXCLUSI\u00d3N DE GARANT\u00cdAS Y RESPONSABILIDAD<\/span><\/h2>\n<p align=\"justify\"><span style=\"font-size: 14px; text-align: left;\">DIAGNOSTIC LLEIDA no otorga ninguna garant\u00eda ni se hace responsable por los da\u00f1os y perjuicios de cualquier naturaleza que se pudiera derivar de:<\/span><\/p>\n<ul>\n<li>la falta de disponibilidad y continuidad t\u00e9cnica o del funcionamiento de la p\u00e1gina.<\/li>\n<li>de la existencia de virus, programas maliciosos o lesivos en los contenidos,<\/li>\n<li>de la falta de utilidad, adecuaci\u00f3n o validez de la web, servicios, contenidos con el objeto de responder a las necesidades, actividades o expectativas de los usuarios.<\/li>\n<li>Del uso negligente o il\u00edcito de la web en general que no respeten las normas definidas en el presente aviso legal, a la buena fe, orden p\u00fablico.<\/li>\n<li>Errores<\/li>\n<li>La presente web se centra en la promoci\u00f3n y venta de los productos ofertados en el mismo. DIAGNOSTIC LLEIDA se compromete a respetar la veracidad de los datos.<\/li>\n<\/ul>\n<p align=\"justify\"><span style=\"font-size: 14px; text-align: left;\">Con respecto a la existencia de errores o imprecisiones en el Sitio Web y debido a que los contenidos han sido redactados de acuerdo a la buena fe y ser\u00e1n subsanados por DIAGNOSTIC LLEIDA a la mayor brevedad posible y tan pronto como tenga conocimiento de ello.<\/span><\/p>\n<h2 align=\"justify\"><span style=\"text-align: left; color: #333333;\">POL\u00cdTICA DE ENLACES<\/span><\/h2>\n<p align=\"justify\"><span style=\"font-size: 14px; text-align: left;\">La Web puede incluir \u201clinks\u201d o enlaces de texto o gr\u00e1ficos hacia otras p\u00e1ginas web y contenidos ubicados fuera del sitio web. Los mismos son propiedad de terceros.<\/span><\/p>\n<p align=\"justify\"><span style=\"font-size: 14px; text-align: left;\">www.diagnosticlleida.com utiliza dichos \u201clinks\u201d con el objeto de proporcionar mayor informaci\u00f3n al Usuario. Debido a que son completamente ajenos a DIAGNOSTIC LLEIDA, \u00e9sta no se responsabiliza en ning\u00fan caso de las mencionadas p\u00e1ginas web, de sus contenidos ni de las consecuencias que pueda acarrear al Usuario el acceso a dichos enlaces.<\/span><\/p>\n<p align=\"justify\"><span style=\"font-size: 14px; text-align: left;\">Asimismo, DIAGNOSTIC LLEIDA s\u00f3lo autoriza a terceras personas interesadas a que establezcan \u201clinks\u201d desde sus p\u00e1ginas web siempre y cuando cumplan con las obligaciones establecidas en el presente Aviso Legal.<\/span><\/p>\n<p align=\"justify\"><span style=\"font-size: 14px; text-align: left;\">Particularmente el \u201clink\u201d ha de posibilitar que la web se muestre en su totalidad dentro de la pantalla del navegador sin que los contenidos se muestren a trav\u00e9s de marcos o \u201cframes\u201d.\u00a0\u00a0<\/span><\/p>\n<p align=\"justify\"><span style=\"font-size: 14px; text-align: left;\">No obstante, lo anterior, DIAGNOSTIC LLEIDA se reserva el derecho a exigir a dichas terceras personas que retiren inmediatamente los \u201clinks\u201d hacia el Sitio Web cuando as\u00ed lo estime conveniente.<\/span><\/p>\n<p align=\"justify\"><span style=\"font-size: 14px; text-align: left;\">El establecimiento de un \u201clink\u201d no implicar\u00e1 en ning\u00fan caso la existencia de relaciones entre el tercero que incluye el mismo y DIAGNOSTIC LLEIDA, ni el conocimiento y aceptaci\u00f3n por parte de DIAGNOSTIC LLEIDA, de los servicios y contenidos ofrecidos en dicha p\u00e1gina web.<\/span><\/p>\n<p align=\"justify\"><span style=\"font-size: 14px; text-align: left;\">DIAGNOSTIC LLEIDA no asume ning\u00fan tipo de responsabilidad, por los da\u00f1os y perjuicios de toda clase que pudieran derivarse del acceso, mantenimiento, uso, calidad, licitud, fiabilidad, contenidos, informaciones, comunicaciones, opiniones, productos etc., ofrecidos en las webs que no est\u00e1n gestionadas por DIAGNOSTIC LLEIDA.<\/span><\/p>\n<p align=\"justify\"><span style=\"font-size: 14px; text-align: left;\">Aquellas personas que se propongan establecer hiperenlaces entre su p\u00e1gina Web y la P\u00e1gina deber\u00e1n observar y cumplir las condiciones siguientes:<\/span><\/p>\n<ul>\n<li>No ser\u00e1 necesaria autorizaci\u00f3n previa cuando el Hiperenlace permita \u00fanicamente el acceso a la p\u00e1gina de inicio, pero no podr\u00e1 reproducirla de ninguna forma. Cualquier otra forma de Hiperenlace requerir\u00e1 la autorizaci\u00f3n expresa e inequ\u00edvoca por escrito por parte de DIAGNOSTIC LLEIDA<\/li>\n<li>No se crear\u00e1n \u201cmarcos\u201d (\u201cframes\u201d) con las p\u00e1ginas Web ni sobre las p\u00e1ginas Web de DIAGNOSTIC LLEIDA<\/li>\n<li>No se realizar\u00e1n manifestaciones o indicaciones falsas, inexactas, u ofensivas sobre DIAGNOSTIC LLEIDA sus directivos, sus empleados o colaboradores, o de las personas que se relacionen en la P\u00e1gina por cualquier motivo, o de los Usuarios de las P\u00e1gina, o de los Contenidos suministrados.<\/li>\n<li>No se declarar\u00e1 ni se dar\u00e1 a entender que DIAGNOSTIC LLEIDA ha autorizado el Hiperenlace o que ha supervisado o asumido de cualquier forma los Contenidos ofrecidos o puestos a disposici\u00f3n de la p\u00e1gina Web en la que se establece el Hiperenlace.<\/li>\n<li>La p\u00e1gina Web en la que se establezca el Hiperenlace solo podr\u00e1 contener lo estrictamente necesario para identificar el destino del Hiperenlace.<\/li>\n<li>La p\u00e1gina Web en la que se establezca el Hiperenlace no contendr\u00e1 informaciones o contenidos il\u00edcitos, contrarios a la moral y a las buenas costumbres generalmente aceptadas y al orden p\u00fablico, as\u00ed como tampoco contendr\u00e1 contenidos contrarios a cualesquiera derechos de terceros.<\/li>\n<\/ul>\n<h2 align=\"justify\"><span style=\"text-align: left; color: #333333;\">COMUNICACIONES COMERCIALES Y PROMOCIONALES.<\/span><\/h2>\n<p align=\"justify\"><span style=\"font-size: 14px; text-align: left;\">Una de las finalidades para las que DIAGNOSTIC LLEIDA trata los datos personales proporcionados por los Usuarios es para remitirles comunicaciones por correo electr\u00f3nico, whatsapp o SMS con informaci\u00f3n relativa a productos, servicios, promociones y ofertas, seg\u00fan los casos en base al inter\u00e9s leg\u00edtimo o a su consentimiento.<\/span><\/p>\n<p align=\"justify\"><span style=\"font-size: 14px; text-align: left;\">En caso de que el Usuario desee dejar de recibir este tipo de comunicaciones por parte de DIAGNOSTIC LLEIDA o revocar el consentimiento otorgado, puede enviar la solicitud mediante correo electr\u00f3nico a info@diagnosticlleida.com con el Asunto BAJA, adjuntado copia de documento v\u00e1lido de identidad.<\/span><\/p>\n<p>[\/et_pb_text][\/et_pb_column][\/et_pb_row][\/et_pb_section]<\/p>\n","protected":false},"excerpt":{"rendered":"<p>[et_pb_section fb_built=\u00bb1&#8243; admin_label=\u00bbsection\u00bb _builder_version=\u00bb3.22&#8243;][et_pb_row admin_label=\u00bbrow\u00bb _builder_version=\u00bb4.8.2&#8243; background_size=\u00bbinitial\u00bb background_position=\u00bbtop_left\u00bb background_repeat=\u00bbrepeat\u00bb hover_enabled=\u00bb0&#8243;][et_pb_column type=\u00bb4_4&#8243; _builder_version=\u00bb3.25&#8243; custom_padding=\u00bb|||\u00bb custom_padding__hover=\u00bb|||\u00bb][et_pb_text admin_label=\u00bbText\u00bb _builder_version=\u00bb4.8.2&#8243; background_size=\u00bbinitial\u00bb background_position=\u00bbtop_left\u00bb background_repeat=\u00bbrepeat\u00bb hover_enabled=\u00bb0&#8243; sticky_enabled=\u00bb0&#8243;] AVISO LEGAL El presente aviso legal regula el uso del sitio web www.diagnosticlleida.com (en adelante, el \u00abSitio Web\u00bb) de DIAGNOSTIC LLEIDA SL con CIF B25825084 con domicilio en Balmes 21, 2\u00ba. de Lleida 25006 [&hellip;]<\/p>\n","protected":false},"author":1,"featured_media":0,"parent":0,"menu_order":0,"comment_status":"closed","ping_status":"closed","template":"","meta":{"_et_pb_use_builder":"on","_et_pb_old_content":"<h2>AVISO LEGAL<\/h2>\r\n<h3>1. OBJETO<\/h3>\r\n<p align=\"justify\">El presente aviso legal regula el uso y utilizaci\u00f3n del sitio web <a href=\"http:\/\/www.diagnosticlleida.com\">www.diagnosticlleida.com<\/a>, del que es titular DIAGNOSTIC LLEIDA, S.L. (en adelante, EL PROPIETARIO DE LA WEB).<\/p>\r\n<p align=\"justify\">La navegaci\u00f3n por el sitio web de EL PROPIETARIO DE LA WEB le atribuye la condici\u00f3n de USUARIO del mismo y conlleva su aceptaci\u00f3n plena y sin reservas de todas y cada una de las condiciones publicadas en este aviso legal, advirtiendo de que dichas condiciones podr\u00e1n ser modificadas sin notificaci\u00f3n previa por parte de EL PROPIETARIO DE LA WEB, en cuyo caso se proceder\u00e1 a su publicaci\u00f3n y aviso con la m\u00e1xima antelaci\u00f3n posible.<\/p>\r\n<p align=\"justify\">Por ello es recomendable leer atentamente su contenido en caso de desear acceder y hacer uso de la informaci\u00f3n y de los servicios ofrecidos desde este sitio web.<\/p>\r\n<p align=\"justify\">El usuario adem\u00e1s, se obliga a hacer un uso correcto del sitio web de conformidad con las leyes, la buena fe, el orden p\u00fablico, los usos del tr\u00e1fico y el presente Aviso Legal, y responder\u00e1 frente a EL PROPIETARIO DE LA WEB o frente a terceros, de cualesquiera da\u00f1os y perjuicios que pudieran causarse como consecuencia del incumplimiento de dicha obligaci\u00f3n.<\/p>\r\n<p align=\"justify\">Cualquier utilizaci\u00f3n distinta a la autorizada est\u00e1 expresamente prohibida, pudiendo <strong>EL PROPIETARIO DE LA WEB<\/strong> denegar o retirar el acceso y su uso en cualquier momento.<\/p>\r\n\r\n<h3 align=\"justify\">2. IDENTIFICACI\u00d3N<\/h3>\r\nEL PROPIETARIO DE LA WEB, en cumplimiento de la Ley 34\/2002, de 11 de julio, de Servicios de la Sociedad de la Informaci\u00f3n y de Comercio Electr\u00f3nico, le informa de que:\r\n<ul>\r\n \t<li>Su denominaci\u00f3n social es: DIAGNOSTIC LLEIDA, S.L.<\/li>\r\n \t<li>Su CIF es: B25825084<\/li>\r\n \t<li>Su domicilio social est\u00e1 en: AVD. BALMES, 21, 2\u00ba - 25006 \u2013 LLEIDA<\/li>\r\n \t<li>Inscrita en el Registro Mercantil de Lleida: tomo 1502; folio 143; hoja L-30308<\/li>\r\n<\/ul>\r\n<h3>3. COMUNICACIONES<\/h3>\r\nPara comunicarse con nosotros, ponemos a su disposici\u00f3n diferentes medios de contacto que detallamos a continuaci\u00f3n:\r\n<ul>\r\n \t<li>Tfno: 973526481<\/li>\r\n \t<li>Email: info@diagnosticlleida.com<\/li>\r\n<\/ul>\r\n<p align=\"justify\">Todas las notificaciones y comunicaciones entre los usuarios y PROPIETARIO DE LA WEB se considerar\u00e1n eficaces, a todos los efectos, cuando se realicen a trav\u00e9s de cualquier medio de los detallados anteriormente.<\/p>\r\n\r\n<h3>4. CONDICIONES DE ACCESO Y UTILIZACI\u00d3N<\/h3>\r\n<p align=\"justify\">El sitio web y sus servicios son de acceso libre y gratuito. No obstante, PROPIETARIO DE LA WEB puede condicionar la utilizaci\u00f3n de algunos de los servicios ofrecidos en su web a la previa cumplimentaci\u00f3n del correspondiente formulario.<\/p>\r\n<p align=\"justify\">El usuario garantiza la autenticidad y actualidad de todos aquellos datos que comunique a PROPIETARIO DE LA WEB y ser\u00e1 el \u00fanico responsable de las manifestaciones falsas o inexactas que realice.<\/p>\r\n<p align=\"justify\">El usuario se compromete expresamente a hacer un uso adecuado de los contenidos y servicios de PROPIETARIO DE LA WEB y a no emplearlos para, entre otros:<\/p>\r\n\r\n<ol>\r\n \t<li>Difundir contenidos delictivos, violentos, pornogr\u00e1ficos, racistas, xen\u00f3fobos, ofensivos, de apolog\u00eda del terrorismo o, en general, contrarios a la ley o al orden p\u00fablico.<\/li>\r\n \t<li>Introducir en la red virus inform\u00e1ticos o realizar actuaciones susceptibles de alterar, estropear, interrumpir o generar errores o da\u00f1os en los documentos electr\u00f3nicos, datos o sistemas f\u00edsicos y l\u00f3gicos de PROPIETARIO DE LA WEB o de terceras personas; as\u00ed como obstaculizar el acceso de otros usuarios al sitio web y a sus servicios mediante el consumo masivo de los recursos inform\u00e1ticos a trav\u00e9s de los cuales PROPIETARIO DE LA WEB presta sus servicios.<\/li>\r\n \t<li>Intentar acceder a las cuentas de correo electr\u00f3nico de otros usuarios o a \u00e1reas restringidas de los sistemas inform\u00e1ticos de PROPIETARIO DE LA WEB o de terceros y, en su caso, extraer informaci\u00f3n.<\/li>\r\n \t<li>Vulnerar los derechos de propiedad intelectual o industrial, as\u00ed como violar la confidencialidad de la informaci\u00f3n de PROPIETARIO DE LA WEB o de terceros.<\/li>\r\n \t<li>Suplantar la identidad de cualquier otro usuario.<\/li>\r\n \t<li>Reproducir, copiar, distribuir, poner a disposici\u00f3n de, o cualquier otra forma de comunicaci\u00f3n p\u00fablica, transformar o modificar los contenidos, a menos que se cuente con la autorizaci\u00f3n del titular de los correspondientes derechos o ello resulte legalmente permitido.<\/li>\r\n \t<li>Recabar datos con finalidad publicitaria y de remitir publicidad de cualquier clase y comunicaciones con fines de venta u otras de naturaleza comercial sin que medie su previa solicitud o consentimiento.<\/li>\r\n<\/ol>\r\n<p align=\"justify\">Todos los contenidos del sitio web, como textos, fotograf\u00edas, gr\u00e1ficos, im\u00e1genes, iconos, tecnolog\u00eda, software, as\u00ed como su dise\u00f1o gr\u00e1fico y c\u00f3digos fuente, constituyen una obra cuya propiedad pertenece a PROPIETARIO DE LA WEB, sin que puedan entenderse cedidos al usuario ninguno de los derechos de explotaci\u00f3n sobre los mismos m\u00e1s all\u00e1 de lo estrictamente necesario para el correcto uso de la web.<\/p>\r\n<p align=\"justify\">En definitiva, los usuarios que accedan a este sitio web pueden visualizar los contenidos y efectuar, en su caso, copias privadas autorizadas siempre que los elementos reproducidos no sean cedidos posteriormente a terceros, ni se instalen a servidores conectados a redes, ni sean objeto de ning\u00fan tipo de explotaci\u00f3n.<\/p>\r\n<p align=\"justify\">Asimismo, todas las marcas, nombres comerciales o signos distintivos de cualquier clase que aparecen en el sitio web son propiedad de PROPIETARIO DE LA WEB, sin que pueda entenderse que el uso o acceso al mismo atribuya al usuario derecho alguno sobre los mismos.<\/p>\r\n<p align=\"justify\">La distribuci\u00f3n, modificaci\u00f3n, cesi\u00f3n o comunicaci\u00f3n p\u00fablica de los contenidos y cualquier otro acto que no haya sido expresamente autorizado por el titular de los derechos de explotaci\u00f3n quedan prohibidos.<\/p>\r\n<p align=\"justify\">El establecimiento de un hiperenlace no implica en ning\u00fan caso la existencia de relaciones entre PROPIETARIO DE LA WEB y el propietario del sitio web en la que se establezca, ni la aceptaci\u00f3n y aprobaci\u00f3n por parte de PROPIETARIO DE LA WEB de sus contenidos o servicios.<\/p>\r\nPROPIETARIO DE LA WEB no se responsabiliza del uso que cada usuario le d\u00e9 a los materiales puestos a disposici\u00f3n en este sitio web ni de las actuaciones que realice en base a los mismos.\r\n\r\n<strong>4.1 EXCLUSI\u00d3N DE GARANT\u00cdAS Y DE RESPONSABILIDAD EN EL ACCESO Y LA UTILIZACI\u00d3N<\/strong>\r\n<p align=\"justify\">El contenido del presente sitio web es de car\u00e1cter general y tiene una finalidad meramente informativa, sin que se garantice plenamente el acceso a todos los contenidos, ni su exhaustividad, correcci\u00f3n, vigencia o actualidad, ni su idoneidad o utilidad para un objetivo espec\u00edfico.<\/p>\r\nPROPIETARIO DE LA WEB excluye, hasta donde permite el ordenamiento jur\u00eddico, cualquier responsabilidad por los da\u00f1os y perjuicios de toda naturaleza derivados de:\r\n<ol>\r\n \t<li>a) La imposibilidad de acceso al sitio web o la falta de veracidad, exactitud, exhaustividad y\/o actualidad de los contenidos, as\u00ed como la existencia de vicios y defectos de toda clase de los contenidos transmitidos, difundidos, almacenados, puestos a disposici\u00f3n, a los que se haya accedido a trav\u00e9s del sitio web o de los servicios que se ofrecen.<\/li>\r\n \t<li>b) La presencia de virus o de otros elementos en los contenidos que puedan producir alteraciones en los sistemas inform\u00e1ticos, documentos electr\u00f3nicos o datos de los usuarios.<\/li>\r\n \t<li>c) El incumplimiento de las leyes, la buena fe, el orden p\u00fablico, los usos del tr\u00e1fico y el presente aviso legal como consecuencia del uso incorrecto del sitio web. En particular, y a modo ejemplificativo, PROPIETARIO DE LA WEB no se hace responsable de las actuaciones de terceros que vulneren derechos de propiedad intelectual e industrial, secretos empresariales, derechos al honor, a la intimidad personal y familiar y a la propia imagen, as\u00ed como la normativa en materia de competencia desleal y publicidad il\u00edcita.<\/li>\r\n<\/ol>\r\n<p align=\"justify\">Asimismo, PROPIETARIO DE LA WEB declina cualquier responsabilidad respecto a la informaci\u00f3n que se halle fuera de esta web y no sea gestionada directamente por nuestro webmaster. La funci\u00f3n de los links que aparecen en esta web es exclusivamente la de informar al usuario sobre la existencia de otras fuentes susceptibles de ampliar los contenidos que ofrece este sitio web. PROPIETARIO DE LA WEB no garantiza ni se responsabiliza del funcionamiento o accesibilidad de los sitios enlazados; ni sugiere, invita o recomienda la visita a los mismos, por lo que tampoco ser\u00e1 responsable del resultado obtenido. PROPIETARIO DE LA WEB no se responsabiliza del establecimiento de hiperv\u00ednculos por parte de terceros.<\/p>\r\n<strong>4.2 PROCEDIMIENTO EN CASO DE REALIZACI\u00d3N DE ACTIVIDADES DE CAR\u00c1CTER IL\u00cdCITO<\/strong>\r\n<p align=\"justify\">En el caso de que cualquier usuario o un tercero considere que existen hechos o circunstancias que revelen el car\u00e1cter il\u00edcito de la utilizaci\u00f3n de cualquier contenido y\/o de la realizaci\u00f3n de cualquier actividad en las p\u00e1ginas web incluidas o accesibles a trav\u00e9s del sitio web, deber\u00e1 enviar una notificaci\u00f3n a PROPIETARIO DE LA WEB identific\u00e1ndose debidamente y especificando las supuestas infracciones.<\/p>\r\n<strong>4.3 PUBLICACIONES<\/strong>\r\n<p align=\"justify\">La informaci\u00f3n administrativa facilitada a trav\u00e9s del sitio web no sustituye la publicidad legal de las leyes, normativas, planes, disposiciones generales y actos que tengan que ser publicados formalmente a los diarios oficiales de las administraciones p\u00fablicas, que constituyen el \u00fanico instrumento que da fe de su autenticidad y contenido. La informaci\u00f3n disponible en este sitio web debe entenderse como una gu\u00eda sin prop\u00f3sito de validez legal.<\/p>\r\n<strong>4.4 LEGISLACI\u00d3N APLICABLE<\/strong>\r\n\r\nLas condiciones presentes se regir\u00e1n por la legislaci\u00f3n espa\u00f1ola vigente. La lengua utilizada ser\u00e1 el Castellano.","_et_gb_content_width":""},"yoast_head":"<!-- This site is optimized with the Yoast SEO plugin v15.7 - https:\/\/yoast.com\/wordpress\/plugins\/seo\/ -->\n<title>Aviso legal - Diagn\u00f2stic Lleida<\/title>\n<meta name=\"robots\" content=\"index, follow, max-snippet:-1, max-image-preview:large, max-video-preview:-1\" \/>\n<link rel=\"canonical\" href=\"https:\/\/diagnosticlleida.com\/index.php\/aviso-legal\/\" \/>\n<meta property=\"og:locale\" content=\"es_ES\" \/>\n<meta property=\"og:type\" content=\"article\" \/>\n<meta property=\"og:title\" content=\"Aviso legal - Diagn\u00f2stic Lleida\" \/>\n<meta property=\"og:description\" content=\"[et_pb_section fb_built=\u00bb1&#8243; admin_label=\u00bbsection\u00bb _builder_version=\u00bb3.22&#8243;][et_pb_row admin_label=\u00bbrow\u00bb _builder_version=\u00bb4.8.2&#8243; background_size=\u00bbinitial\u00bb background_position=\u00bbtop_left\u00bb background_repeat=\u00bbrepeat\u00bb hover_enabled=\u00bb0&#8243;][et_pb_column type=\u00bb4_4&#8243; _builder_version=\u00bb3.25&#8243; custom_padding=\u00bb|||\u00bb custom_padding__hover=\u00bb|||\u00bb][et_pb_text admin_label=\u00bbText\u00bb _builder_version=\u00bb4.8.2&#8243; background_size=\u00bbinitial\u00bb background_position=\u00bbtop_left\u00bb background_repeat=\u00bbrepeat\u00bb hover_enabled=\u00bb0&#8243; sticky_enabled=\u00bb0&#8243;] AVISO LEGAL El presente aviso legal regula el uso del sitio web www.diagnosticlleida.com (en adelante, el \u00abSitio Web\u00bb) de DIAGNOSTIC LLEIDA SL con CIF B25825084 con domicilio en Balmes 21, 2\u00ba. de Lleida 25006 [&hellip;]\" \/>\n<meta property=\"og:url\" content=\"https:\/\/diagnosticlleida.com\/index.php\/aviso-legal\/\" \/>\n<meta property=\"og:site_name\" content=\"Diagn\u00f2stic Lleida\" \/>\n<meta property=\"article:modified_time\" content=\"2021-02-09T16:33:23+00:00\" \/>\n<meta name=\"twitter:card\" content=\"summary\" \/>\n<meta name=\"twitter:label1\" content=\"Tiempo de lectura\">\n\t<meta name=\"twitter:data1\" content=\"6 minutos\">\n<script type=\"application\/ld+json\" class=\"yoast-schema-graph\">{\"@context\":\"https:\/\/schema.org\",\"@graph\":[{\"@type\":\"WebSite\",\"@id\":\"http:\/\/diagnosticlleida.com\/#website\",\"url\":\"http:\/\/diagnosticlleida.com\/\",\"name\":\"Diagn\\u00f2stic Lleida\",\"description\":\"Diagn\\u00f2stic Lleida\",\"potentialAction\":[{\"@type\":\"SearchAction\",\"target\":\"http:\/\/diagnosticlleida.com\/?s={search_term_string}\",\"query-input\":\"required name=search_term_string\"}],\"inLanguage\":\"es\"},{\"@type\":\"WebPage\",\"@id\":\"https:\/\/diagnosticlleida.com\/index.php\/aviso-legal\/#webpage\",\"url\":\"https:\/\/diagnosticlleida.com\/index.php\/aviso-legal\/\",\"name\":\"Aviso legal - Diagn\\u00f2stic Lleida\",\"isPartOf\":{\"@id\":\"http:\/\/diagnosticlleida.com\/#website\"},\"datePublished\":\"2018-03-27T11:08:14+00:00\",\"dateModified\":\"2021-02-09T16:33:23+00:00\",\"inLanguage\":\"es\",\"potentialAction\":[{\"@type\":\"ReadAction\",\"target\":[\"https:\/\/diagnosticlleida.com\/index.php\/aviso-legal\/\"]}]}]}<\/script>\n<!-- \/ Yoast SEO plugin. -->","_links":{"self":[{"href":"https:\/\/diagnosticlleida.com\/index.php\/wp-json\/wp\/v2\/pages\/157"}],"collection":[{"href":"https:\/\/diagnosticlleida.com\/index.php\/wp-json\/wp\/v2\/pages"}],"about":[{"href":"https:\/\/diagnosticlleida.com\/index.php\/wp-json\/wp\/v2\/types\/page"}],"author":[{"embeddable":true,"href":"https:\/\/diagnosticlleida.com\/index.php\/wp-json\/wp\/v2\/users\/1"}],"replies":[{"embeddable":true,"href":"https:\/\/diagnosticlleida.com\/index.php\/wp-json\/wp\/v2\/comments?post=157"}],"version-history":[{"count":6,"href":"https:\/\/diagnosticlleida.com\/index.php\/wp-json\/wp\/v2\/pages\/157\/revisions"}],"predecessor-version":[{"id":196,"href":"https:\/\/diagnosticlleida.com\/index.php\/wp-json\/wp\/v2\/pages\/157\/revisions\/196"}],"wp:attachment":[{"href":"https:\/\/diagnosticlleida.com\/index.php\/wp-json\/wp\/v2\/media?parent=157"}],"curies":[{"name":"wp","href":"https:\/\/api.w.org\/{rel}","templated":true}]}}