{"id":48,"date":"2017-06-20T09:42:54","date_gmt":"2017-06-20T09:42:54","guid":{"rendered":"http:\/\/diagnosticlleida.com\/?page_id=48"},"modified":"2018-02-16T11:41:36","modified_gmt":"2018-02-16T11:41:36","slug":"exploracions-dentals","status":"publish","type":"page","link":"https:\/\/diagnosticlleida.com\/index.php\/exploracions-dentals\/","title":{"rendered":"Exploracions dentals"},"content":{"rendered":"<p>[et_pb_section bb_built=\u00bb1&#8243; admin_label=\u00bbSecci\u00f3n\u00bb fullwidth=\u00bbon\u00bb specialty=\u00bboff\u00bb][et_pb_fullwidth_image admin_label=\u00bbImagen de anchura completa\u00bb _builder_version=\u00bb3.0.51&#8243; src=\u00bbhttp:\/\/diagnosticlleida.com\/wp-content\/uploads\/2017\/06\/diagnostic-lleida-banner-qui-som.jpg\u00bb show_in_lightbox=\u00bboff\u00bb url_new_window=\u00bboff\u00bb use_overlay=\u00bboff\u00bb border_style=\u00bbsolid\u00bb animation=\u00bbleft\u00bb \/][\/et_pb_section][et_pb_section bb_built=\u00bb1&#8243; admin_label=\u00bbSecci\u00f3n\u00bb fullwidth=\u00bboff\u00bb specialty=\u00bboff\u00bb][et_pb_row admin_label=\u00bbFila\u00bb background_position=\u00bbtop_left\u00bb background_repeat=\u00bbrepeat\u00bb background_size=\u00bbinitial\u00bb][et_pb_column type=\u00bb4_4&#8243;][et_pb_text admin_label=\u00bbTexto\u00bb _builder_version=\u00bb3.0.51&#8243; background_layout=\u00bblight\u00bb text_orientation=\u00bbjustified\u00bb border_style=\u00bbsolid\u00bb]<\/p>\n<h2><strong><span style=\"color: #575756;\"> Endod\u00f2ncia<\/span><\/strong><\/h2>\n<p>Els especialistes en endod\u00f2ncia i\u00a0periodoncia, per realitzar el tractament d&#8217;una dent fracturada, del canal mandibular o del teixit adjacent a la dent, necessiten imatges que els permetin identificar tots els detalls de la zona tractada, determinar exactament la patologia i planificar amb precisi\u00f3 un tractament efica\u00e7.<\/p>\n<p>[\/et_pb_text][et_pb_divider admin_label=\u00bbSeparador\u00bb _builder_version=\u00bb3.0.51&#8243; show_divider=\u00bbon\u00bb color=\u00bb#2fb7c2&#8243; divider_style=\u00bbsolid\u00bb divider_position=\u00bbtop\u00bb hide_on_mobile=\u00bbon\u00bb divider_weight=\u00bb0,5&#8243; \/][\/et_pb_column][\/et_pb_row][et_pb_row admin_label=\u00bbFila\u00bb background_position=\u00bbtop_left\u00bb background_repeat=\u00bbrepeat\u00bb background_size=\u00bbinitial\u00bb][et_pb_column type=\u00bb1_3&#8243;][et_pb_image admin_label=\u00bbImagen\u00bb _builder_version=\u00bb3.0.51&#8243; src=\u00bbhttp:\/\/diagnosticlleida.com\/wp-content\/uploads\/2017\/06\/endodoncia.bmp\u00bb show_in_lightbox=\u00bboff\u00bb url_new_window=\u00bboff\u00bb use_overlay=\u00bboff\u00bb sticky=\u00bboff\u00bb align=\u00bbleft\u00bb always_center_on_mobile=\u00bbon\u00bb border_style=\u00bbsolid\u00bb force_fullwidth=\u00bboff\u00bb \/][\/et_pb_column][et_pb_column type=\u00bb1_3&#8243;][et_pb_image admin_label=\u00bbImagen\u00bb _builder_version=\u00bb3.0.51&#8243; src=\u00bbhttp:\/\/diagnosticlleida.com\/wp-content\/uploads\/2017\/06\/ENDO-PASADA-3D.jpg-2.jpg\u00bb show_in_lightbox=\u00bboff\u00bb url_new_window=\u00bboff\u00bb use_overlay=\u00bboff\u00bb sticky=\u00bboff\u00bb align=\u00bbleft\u00bb always_center_on_mobile=\u00bbon\u00bb border_style=\u00bbsolid\u00bb force_fullwidth=\u00bboff\u00bb \/][\/et_pb_column][et_pb_column type=\u00bb1_3&#8243;][et_pb_image admin_label=\u00bbImagen\u00bb _builder_version=\u00bb3.0.51&#8243; src=\u00bbhttp:\/\/diagnosticlleida.com\/wp-content\/uploads\/2017\/06\/ENDO-PASADA-JPEG.jpg\u00bb show_in_lightbox=\u00bboff\u00bb url_new_window=\u00bboff\u00bb use_overlay=\u00bboff\u00bb sticky=\u00bboff\u00bb align=\u00bbleft\u00bb always_center_on_mobile=\u00bbon\u00bb border_style=\u00bbsolid\u00bb force_fullwidth=\u00bboff\u00bb \/][\/et_pb_column][\/et_pb_row][et_pb_row admin_label=\u00bbFila\u00bb background_position=\u00bbtop_left\u00bb background_repeat=\u00bbrepeat\u00bb background_size=\u00bbinitial\u00bb][et_pb_column type=\u00bb4_4&#8243;][et_pb_text admin_label=\u00bbTexto\u00bb _builder_version=\u00bb3.0.51&#8243; background_layout=\u00bblight\u00bb text_orientation=\u00bbjustified\u00bb border_style=\u00bbsolid\u00bb]<\/p>\n<h2><strong><span style=\"color: #575756;\">Implantologia<\/span><\/strong><\/h2>\n<p>El programari \u00e9s capa\u00e7 de simular la col\u2022locaci\u00f3 d&#8217;un implant en models 2D i 3D, identificant el canal mandibular, dissenyant panor\u00e0miques i talls transversals en models ossis. A m\u00e9s, permet visualitzar models ossis en 3D i calcular la seva densitat. Aquest programari s&#8217;utilitza per dissenyar pr\u00f2tesi de cirurgia implantol\u00f2gica de manera r\u00e0pida, segura i eficient.<\/p>\n<p>[\/et_pb_text][et_pb_divider admin_label=\u00bbSeparador\u00bb _builder_version=\u00bb3.0.51&#8243; show_divider=\u00bbon\u00bb color=\u00bb#2fb7c2&#8243; divider_style=\u00bbsolid\u00bb divider_position=\u00bbtop\u00bb hide_on_mobile=\u00bbon\u00bb divider_weight=\u00bb0,5&#8243; \/][\/et_pb_column][\/et_pb_row][et_pb_row admin_label=\u00bbFila\u00bb background_position=\u00bbtop_left\u00bb background_repeat=\u00bbrepeat\u00bb background_size=\u00bbinitial\u00bb][et_pb_column type=\u00bb1_3&#8243;][et_pb_image admin_label=\u00bbImagen\u00bb _builder_version=\u00bb3.0.51&#8243; src=\u00bbhttp:\/\/diagnosticlleida.com\/wp-content\/uploads\/2017\/06\/implantologia-1.bmp\u00bb show_in_lightbox=\u00bboff\u00bb url_new_window=\u00bboff\u00bb use_overlay=\u00bboff\u00bb sticky=\u00bboff\u00bb align=\u00bbcenter\u00bb always_center_on_mobile=\u00bbon\u00bb border_style=\u00bbsolid\u00bb force_fullwidth=\u00bboff\u00bb \/][\/et_pb_column][et_pb_column type=\u00bb1_3&#8243;][et_pb_image admin_label=\u00bbImagen\u00bb _builder_version=\u00bb3.0.51&#8243; src=\u00bbhttp:\/\/diagnosticlleida.com\/wp-content\/uploads\/2017\/06\/IMPLANTES.jpg\u00bb show_in_lightbox=\u00bboff\u00bb url_new_window=\u00bboff\u00bb use_overlay=\u00bboff\u00bb sticky=\u00bboff\u00bb align=\u00bbcenter\u00bb always_center_on_mobile=\u00bbon\u00bb border_style=\u00bbsolid\u00bb force_fullwidth=\u00bboff\u00bb \/][\/et_pb_column][et_pb_column type=\u00bb1_3&#8243;][\/et_pb_column][\/et_pb_row][et_pb_row admin_label=\u00bbFila\u00bb background_position=\u00bbtop_left\u00bb background_repeat=\u00bbrepeat\u00bb background_size=\u00bbinitial\u00bb][et_pb_column type=\u00bb4_4&#8243;][et_pb_text admin_label=\u00bbTexto\u00bb _builder_version=\u00bb3.0.51&#8243; background_layout=\u00bblight\u00bb text_orientation=\u00bbjustified\u00bb border_style=\u00bbsolid\u00bb]<\/p>\n<h2><strong><span style=\"color: #575756;\">Cirurgia Oral<\/span><\/strong><\/h2>\n<p>Aquesta disciplina s&#8217;ocupa de la correcci\u00f3 de diverses patologies dels teixits durs i tous de la zona maxil\u2022lofacial. L&#8217;exploraci\u00f3 amb dispositius NewTom mostra amb exactitud caracter\u00edstiques com la pres\u00e8ncia de dents o fractures, la densitat i l&#8217;altura de l&#8217;os, la forma i la inclinaci\u00f3 de l&#8217;arrel.<br \/>\nEn les exploracions postoperat\u00f2ries, la pres\u00e8ncia d&#8217;elements met\u00e0l\u2022lics ja no influeix en la qualitat de la imatge. Al contrari, gr\u00e0cies a la poca quantitat de rajos requerida, l&#8217;efecte de dispersi\u00f3 resulta pr\u00e0cticament inexistent i les estructures anat\u00f2miques explorades es visualitzen amb claredat.<\/p>\n<p>[\/et_pb_text][et_pb_divider admin_label=\u00bbSeparador\u00bb _builder_version=\u00bb3.0.51&#8243; show_divider=\u00bbon\u00bb color=\u00bb#2fb7c2&#8243; divider_style=\u00bbsolid\u00bb divider_position=\u00bbtop\u00bb hide_on_mobile=\u00bbon\u00bb divider_weight=\u00bb0,5&#8243; \/][\/et_pb_column][\/et_pb_row][et_pb_row admin_label=\u00bbFila\u00bb background_position=\u00bbtop_left\u00bb background_repeat=\u00bbrepeat\u00bb background_size=\u00bbinitial\u00bb][et_pb_column type=\u00bb1_3&#8243;][et_pb_image admin_label=\u00bbImagen\u00bb _builder_version=\u00bb3.0.51&#8243; src=\u00bbhttp:\/\/diagnosticlleida.com\/wp-content\/uploads\/2017\/06\/cirurgia-oral.bmp\u00bb show_in_lightbox=\u00bboff\u00bb url_new_window=\u00bboff\u00bb use_overlay=\u00bboff\u00bb sticky=\u00bboff\u00bb align=\u00bbcenter\u00bb always_center_on_mobile=\u00bbon\u00bb border_style=\u00bbsolid\u00bb force_fullwidth=\u00bboff\u00bb \/][\/et_pb_column][et_pb_column type=\u00bb1_3&#8243;][et_pb_image admin_label=\u00bbImagen\u00bb _builder_version=\u00bb3.0.51&#8243; src=\u00bbhttp:\/\/diagnosticlleida.com\/wp-content\/uploads\/2017\/06\/CIRUGIA.jpg\u00bb show_in_lightbox=\u00bboff\u00bb url_new_window=\u00bboff\u00bb use_overlay=\u00bboff\u00bb sticky=\u00bboff\u00bb align=\u00bbcenter\u00bb always_center_on_mobile=\u00bbon\u00bb border_style=\u00bbsolid\u00bb force_fullwidth=\u00bboff\u00bb \/][\/et_pb_column][et_pb_column type=\u00bb1_3&#8243;][et_pb_image admin_label=\u00bbImagen\u00bb _builder_version=\u00bb3.0.51&#8243; src=\u00bbhttp:\/\/diagnosticlleida.com\/wp-content\/uploads\/2017\/06\/CIRUGIA-2.jpg\u00bb show_in_lightbox=\u00bboff\u00bb url_new_window=\u00bboff\u00bb use_overlay=\u00bboff\u00bb sticky=\u00bboff\u00bb align=\u00bbcenter\u00bb always_center_on_mobile=\u00bbon\u00bb border_style=\u00bbsolid\u00bb force_fullwidth=\u00bboff\u00bb \/][\/et_pb_column][\/et_pb_row][et_pb_row admin_label=\u00bbFila\u00bb background_position=\u00bbtop_left\u00bb background_repeat=\u00bbrepeat\u00bb background_size=\u00bbinitial\u00bb][et_pb_column type=\u00bb4_4&#8243;][et_pb_text admin_label=\u00bbTexto\u00bb _builder_version=\u00bb3.0.51&#8243; background_layout=\u00bblight\u00bb text_orientation=\u00bbjustified\u00bb border_style=\u00bbsolid\u00bb]<\/p>\n<h2><strong><span style=\"color: #575756;\">Ortod\u00f2ncia<\/span><\/strong><\/h2>\n<p>Per als tractaments ortod\u00f2ntics, amb finalitat est\u00e8tica o per exist\u00e8ncia de patologies m\u00e9s greus, la radiologia amb feix c\u00f2nic (Cone Beam), basant-se en la captaci\u00f3 tridimensional, produeix diversos tipus d&#8217;imatges: panor\u00e0miques, telerradiografies i imatges 3D. La imatge 3D proporciona una representaci\u00f3 completa de l&#8217;\u00e0rea explorada, permetent modificar l&#8217;angle de visualitzaci\u00f3 i ajustar el grossor de les imatges reconstru\u00efdes.<\/p>\n<p>[\/et_pb_text][et_pb_divider admin_label=\u00bbSeparador\u00bb _builder_version=\u00bb3.0.51&#8243; show_divider=\u00bbon\u00bb color=\u00bb#2fb7c2&#8243; divider_style=\u00bbsolid\u00bb divider_position=\u00bbtop\u00bb hide_on_mobile=\u00bbon\u00bb divider_weight=\u00bb0,5&#8243; \/][\/et_pb_column][\/et_pb_row][et_pb_row admin_label=\u00bbFila\u00bb background_position=\u00bbtop_left\u00bb background_repeat=\u00bbrepeat\u00bb background_size=\u00bbinitial\u00bb][et_pb_column type=\u00bb1_3&#8243;][et_pb_image admin_label=\u00bbImagen\u00bb _builder_version=\u00bb3.0.51&#8243; src=\u00bbhttp:\/\/diagnosticlleida.com\/wp-content\/uploads\/2017\/06\/ORTODONCIA.jpg\u00bb show_in_lightbox=\u00bboff\u00bb url_new_window=\u00bboff\u00bb use_overlay=\u00bboff\u00bb sticky=\u00bboff\u00bb align=\u00bbcenter\u00bb always_center_on_mobile=\u00bbon\u00bb border_style=\u00bbsolid\u00bb force_fullwidth=\u00bboff\u00bb \/][\/et_pb_column][et_pb_column type=\u00bb1_3&#8243;][et_pb_image admin_label=\u00bbImagen\u00bb _builder_version=\u00bb3.0.51&#8243; src=\u00bbhttp:\/\/diagnosticlleida.com\/wp-content\/uploads\/2017\/06\/ORTODONCIA-2.jpg\u00bb show_in_lightbox=\u00bboff\u00bb url_new_window=\u00bboff\u00bb use_overlay=\u00bboff\u00bb sticky=\u00bboff\u00bb align=\u00bbcenter\u00bb always_center_on_mobile=\u00bbon\u00bb border_style=\u00bbsolid\u00bb force_fullwidth=\u00bboff\u00bb \/][\/et_pb_column][et_pb_column type=\u00bb1_3&#8243;][\/et_pb_column][\/et_pb_row][et_pb_row admin_label=\u00bbFila\u00bb background_position=\u00bbtop_left\u00bb background_repeat=\u00bbrepeat\u00bb background_size=\u00bbinitial\u00bb][et_pb_column type=\u00bb4_4&#8243;][et_pb_text admin_label=\u00bbTexto\u00bb _builder_version=\u00bb3.0.51&#8243; background_layout=\u00bblight\u00bb text_orientation=\u00bbjustified\u00bb border_style=\u00bbsolid\u00bb]<\/p>\n<h2><strong><span style=\"color: #575756;\">Otorrinolaringologia<\/span><\/strong><\/h2>\n<p>Amb una sola exploraci\u00f3 \u00e9s possible visualitzar clarament totes les vies a\u00e8ries, les estructures de l&#8217;o\u00efda, els sins nasals i la regi\u00f3 petrosa.<br \/>\nLa majoria dels ex\u00e0mens realitzats utilitzant TAC convencionals poden fer-se amb NewTom, que ressalta un major nombre de detalls i, gr\u00e0cies a utilitzar par\u00e0metres radiol\u00f2gics adequats, evita sobredosificaciones al pacient.<\/p>\n<p>[\/et_pb_text][et_pb_divider admin_label=\u00bbSeparador\u00bb _builder_version=\u00bb3.0.51&#8243; show_divider=\u00bbon\u00bb color=\u00bb#2fb7c2&#8243; divider_style=\u00bbsolid\u00bb divider_position=\u00bbtop\u00bb hide_on_mobile=\u00bbon\u00bb divider_weight=\u00bb0,5&#8243; \/][\/et_pb_column][\/et_pb_row][et_pb_row admin_label=\u00bbFila\u00bb background_position=\u00bbtop_left\u00bb background_repeat=\u00bbrepeat\u00bb background_size=\u00bbinitial\u00bb][et_pb_column type=\u00bb4_4&#8243;][et_pb_text admin_label=\u00bbTexto\u00bb _builder_version=\u00bb3.0.51&#8243; background_layout=\u00bblight\u00bb text_orientation=\u00bbjustified\u00bb border_style=\u00bbsolid\u00bb]<\/p>\n<h2><strong><span style=\"color: #575756;\">ATM<\/span><\/strong><\/h2>\n<p>Els talls sagitals i coronals proporcionen una excel\u2022lent representaci\u00f3 de l&#8217;espai articular i permeten diagnosticar possibles patologies. Les imatges 3D que s&#8217;obtenen s\u00f3n una representaci\u00f3 anat\u00f2mica de l&#8217;ATM i de la zona cervical d&#8217;alta qualitat i precisi\u00f3. Les imatges panor\u00e0miques, adequades per a un screening inicial, proporcionen informaci\u00f3 ortod\u00f2ntica important, com la difer\u00e8ncia entre l&#8217;altura del c\u00f2ndil i de la branca ascendent de la mand\u00edbula o d&#8217;altres patologies dentals.<\/p>\n<p>[\/et_pb_text][et_pb_divider admin_label=\u00bbSeparador\u00bb _builder_version=\u00bb3.0.51&#8243; show_divider=\u00bbon\u00bb color=\u00bb#2fb7c2&#8243; divider_style=\u00bbsolid\u00bb divider_position=\u00bbtop\u00bb hide_on_mobile=\u00bbon\u00bb divider_weight=\u00bb0,5&#8243; \/][\/et_pb_column][\/et_pb_row][et_pb_row admin_label=\u00bbFila\u00bb background_position=\u00bbtop_left\u00bb background_repeat=\u00bbrepeat\u00bb background_size=\u00bbinitial\u00bb][et_pb_column type=\u00bb1_3&#8243;][et_pb_image admin_label=\u00bbImagen\u00bb _builder_version=\u00bb3.0.51&#8243; src=\u00bbhttp:\/\/diagnosticlleida.com\/wp-content\/uploads\/2017\/06\/atm.png\u00bb show_in_lightbox=\u00bboff\u00bb url_new_window=\u00bboff\u00bb use_overlay=\u00bboff\u00bb sticky=\u00bboff\u00bb align=\u00bbcenter\u00bb always_center_on_mobile=\u00bbon\u00bb border_style=\u00bbsolid\u00bb force_fullwidth=\u00bboff\u00bb \/][\/et_pb_column][et_pb_column type=\u00bb1_3&#8243;][et_pb_image admin_label=\u00bbImagen\u00bb _builder_version=\u00bb3.0.51&#8243; src=\u00bbhttp:\/\/diagnosticlleida.com\/wp-content\/uploads\/2017\/06\/atm2.jpg\u00bb show_in_lightbox=\u00bboff\u00bb url_new_window=\u00bboff\u00bb use_overlay=\u00bboff\u00bb sticky=\u00bboff\u00bb align=\u00bbcenter\u00bb always_center_on_mobile=\u00bbon\u00bb border_style=\u00bbsolid\u00bb force_fullwidth=\u00bboff\u00bb \/][\/et_pb_column][et_pb_column type=\u00bb1_3&#8243;][\/et_pb_column][\/et_pb_row][et_pb_row admin_label=\u00bbFila\u00bb background_position=\u00bbtop_left\u00bb background_repeat=\u00bbrepeat\u00bb background_size=\u00bbinitial\u00bb][et_pb_column type=\u00bb4_4&#8243;][et_pb_text admin_label=\u00bbTexto\u00bb _builder_version=\u00bb3.0.51&#8243; background_layout=\u00bblight\u00bb text_orientation=\u00bbjustified\u00bb border_style=\u00bbsolid\u00bb]<\/p>\n<h2><strong><span style=\"color: #575756;\">CineX<\/span><\/strong><\/h2>\n<p>Aquesta funci\u00f3 es caracteritza per l&#8217;adquisici\u00f3 din\u00e0mica de seq\u00fc\u00e8ncies d&#8217;imatges radiol\u00f2giques emmagatzemades en forma de v\u00eddeo, que permeten explorar estructures anat\u00f2miques en moviment. Gr\u00e0cies a un camp de gravaci\u00f3 del pacient de 18x19cm el CINEX pot utilitzar-se per estudiar els canals salivals i la mobilitat articular. El programari permet seleccionar el temps d&#8217;adquisici\u00f3 i verificar el centrat de la zona d&#8217;inter\u00e8s mitjan\u00e7ant una imatge Scout.<\/p>\n<p>La Tomografia Computeritzada de faig c\u00f2nic (TC Cone Beam) \u00e9s una tecnologia que permet l&#8217;adquisici\u00f3 d&#8217;imatges radiogr\u00e0fiques en 3 Dimensions d&#8217;una part o de tot el cap del pacient, amb utilitzaci\u00f3 de dosis de radiaci\u00f3 molt menor que la dosi utilitzada pels tom\u00f2grafs axials dels hospitals. La TC Cone Beam presenta nombrosos avantatges sobre altres modalitats d&#8217;ex\u00e0mens per imatges degut de la seva exactitud, a la seva alta velocitat d&#8217;escaneig i la seva seguretat.<\/p>\n<p>Les imatges de NewTom s\u00f3n compatibles amb els principals programari aplicatius disponibles al mercat, i amb programes de implantologia guiada, de simulaci\u00f3 ortod\u00f2ntica i de cirurgia maxil\u2022lofacial.<br \/>\nLes imatges poden guardar-se en format DICOM 3.0. Diverses aplicacions del programari permeten crear models reals d&#8217;implants que poden superposar-se a les imatges obtingudes amb l&#8217;exploraci\u00f3.<br \/>\nAix\u00f2 obre un ventall d&#8217;opcions que milloren la precisi\u00f3 del diagn\u00f2stic, la planificaci\u00f3 del tractament i l&#8217;an\u00e0lisi prequir\u00fargic d&#8217;informaci\u00f3 per al pacient.<\/p>\n<p>[\/et_pb_text][et_pb_divider admin_label=\u00bbSeparador\u00bb _builder_version=\u00bb3.0.51&#8243; show_divider=\u00bbon\u00bb color=\u00bb#2fb7c2&#8243; divider_style=\u00bbsolid\u00bb divider_position=\u00bbtop\u00bb hide_on_mobile=\u00bbon\u00bb divider_weight=\u00bb0,5&#8243; \/][\/et_pb_column][\/et_pb_row][\/et_pb_section]<\/p>\n","protected":false},"excerpt":{"rendered":"<p>[et_pb_section bb_built=\u00bb1&#8243; admin_label=\u00bbSecci\u00f3n\u00bb fullwidth=\u00bbon\u00bb specialty=\u00bboff\u00bb][et_pb_fullwidth_image admin_label=\u00bbImagen de anchura completa\u00bb _builder_version=\u00bb3.0.51&#8243; src=\u00bbhttp:\/\/diagnosticlleida.com\/wp-content\/uploads\/2017\/06\/diagnostic-lleida-banner-qui-som.jpg\u00bb show_in_lightbox=\u00bboff\u00bb url_new_window=\u00bboff\u00bb use_overlay=\u00bboff\u00bb border_style=\u00bbsolid\u00bb animation=\u00bbleft\u00bb \/][\/et_pb_section][et_pb_section bb_built=\u00bb1&#8243; admin_label=\u00bbSecci\u00f3n\u00bb fullwidth=\u00bboff\u00bb specialty=\u00bboff\u00bb][et_pb_row admin_label=\u00bbFila\u00bb background_position=\u00bbtop_left\u00bb background_repeat=\u00bbrepeat\u00bb background_size=\u00bbinitial\u00bb][et_pb_column type=\u00bb4_4&#8243;][et_pb_text admin_label=\u00bbTexto\u00bb _builder_version=\u00bb3.0.51&#8243; background_layout=\u00bblight\u00bb text_orientation=\u00bbjustified\u00bb border_style=\u00bbsolid\u00bb] Endod\u00f2ncia Els especialistes en endod\u00f2ncia i\u00a0periodoncia, per realitzar el tractament d&#8217;una dent fracturada, del canal mandibular o del teixit adjacent a la dent, necessiten [&hellip;]<\/p>\n","protected":false},"author":1,"featured_media":0,"parent":0,"menu_order":0,"comment_status":"closed","ping_status":"closed","template":"","meta":{"_et_pb_use_builder":"on","_et_pb_old_content":"","_et_gb_content_width":""},"yoast_head":"<!-- This site is optimized with the Yoast SEO plugin v15.7 - https:\/\/yoast.com\/wordpress\/plugins\/seo\/ -->\n<title>Exploracions dentals - Diagn\u00f2stic Lleida<\/title>\n<meta name=\"robots\" content=\"index, follow, max-snippet:-1, max-image-preview:large, max-video-preview:-1\" \/>\n<link rel=\"canonical\" href=\"https:\/\/diagnosticlleida.com\/index.php\/exploracions-dentals\/\" \/>\n<meta property=\"og:locale\" content=\"es_ES\" \/>\n<meta property=\"og:type\" content=\"article\" \/>\n<meta property=\"og:title\" content=\"Exploracions dentals - Diagn\u00f2stic Lleida\" \/>\n<meta property=\"og:description\" content=\"[et_pb_section bb_built=\u00bb1&#8243; admin_label=\u00bbSecci\u00f3n\u00bb fullwidth=\u00bbon\u00bb specialty=\u00bboff\u00bb][et_pb_fullwidth_image admin_label=\u00bbImagen de anchura completa\u00bb _builder_version=\u00bb3.0.51&#8243; src=\u00bbhttp:\/\/diagnosticlleida.com\/wp-content\/uploads\/2017\/06\/diagnostic-lleida-banner-qui-som.jpg\u00bb show_in_lightbox=\u00bboff\u00bb url_new_window=\u00bboff\u00bb use_overlay=\u00bboff\u00bb border_style=\u00bbsolid\u00bb animation=\u00bbleft\u00bb \/][\/et_pb_section][et_pb_section bb_built=\u00bb1&#8243; admin_label=\u00bbSecci\u00f3n\u00bb fullwidth=\u00bboff\u00bb specialty=\u00bboff\u00bb][et_pb_row admin_label=\u00bbFila\u00bb background_position=\u00bbtop_left\u00bb background_repeat=\u00bbrepeat\u00bb background_size=\u00bbinitial\u00bb][et_pb_column type=\u00bb4_4&#8243;][et_pb_text admin_label=\u00bbTexto\u00bb _builder_version=\u00bb3.0.51&#8243; background_layout=\u00bblight\u00bb text_orientation=\u00bbjustified\u00bb border_style=\u00bbsolid\u00bb] Endod\u00f2ncia Els especialistes en endod\u00f2ncia i\u00a0periodoncia, per realitzar el tractament d&#8217;una dent fracturada, del canal mandibular o del teixit adjacent a la dent, necessiten [&hellip;]\" \/>\n<meta property=\"og:url\" content=\"https:\/\/diagnosticlleida.com\/index.php\/exploracions-dentals\/\" \/>\n<meta property=\"og:site_name\" content=\"Diagn\u00f2stic Lleida\" \/>\n<meta property=\"article:modified_time\" content=\"2018-02-16T11:41:36+00:00\" \/>\n<meta name=\"twitter:card\" content=\"summary\" \/>\n<meta name=\"twitter:label1\" content=\"Tiempo de lectura\">\n\t<meta name=\"twitter:data1\" content=\"10 minutos\">\n<script type=\"application\/ld+json\" class=\"yoast-schema-graph\">{\"@context\":\"https:\/\/schema.org\",\"@graph\":[{\"@type\":\"WebSite\",\"@id\":\"http:\/\/diagnosticlleida.com\/#website\",\"url\":\"http:\/\/diagnosticlleida.com\/\",\"name\":\"Diagn\\u00f2stic Lleida\",\"description\":\"Diagn\\u00f2stic Lleida\",\"potentialAction\":[{\"@type\":\"SearchAction\",\"target\":\"http:\/\/diagnosticlleida.com\/?s={search_term_string}\",\"query-input\":\"required name=search_term_string\"}],\"inLanguage\":\"es\"},{\"@type\":\"WebPage\",\"@id\":\"https:\/\/diagnosticlleida.com\/index.php\/exploracions-dentals\/#webpage\",\"url\":\"https:\/\/diagnosticlleida.com\/index.php\/exploracions-dentals\/\",\"name\":\"Exploracions dentals - Diagn\\u00f2stic Lleida\",\"isPartOf\":{\"@id\":\"http:\/\/diagnosticlleida.com\/#website\"},\"datePublished\":\"2017-06-20T09:42:54+00:00\",\"dateModified\":\"2018-02-16T11:41:36+00:00\",\"inLanguage\":\"es\",\"potentialAction\":[{\"@type\":\"ReadAction\",\"target\":[\"https:\/\/diagnosticlleida.com\/index.php\/exploracions-dentals\/\"]}]}]}<\/script>\n<!-- \/ Yoast SEO plugin. -->","_links":{"self":[{"href":"https:\/\/diagnosticlleida.com\/index.php\/wp-json\/wp\/v2\/pages\/48"}],"collection":[{"href":"https:\/\/diagnosticlleida.com\/index.php\/wp-json\/wp\/v2\/pages"}],"about":[{"href":"https:\/\/diagnosticlleida.com\/index.php\/wp-json\/wp\/v2\/types\/page"}],"author":[{"embeddable":true,"href":"https:\/\/diagnosticlleida.com\/index.php\/wp-json\/wp\/v2\/users\/1"}],"replies":[{"embeddable":true,"href":"https:\/\/diagnosticlleida.com\/index.php\/wp-json\/wp\/v2\/comments?post=48"}],"version-history":[{"count":9,"href":"https:\/\/diagnosticlleida.com\/index.php\/wp-json\/wp\/v2\/pages\/48\/revisions"}],"predecessor-version":[{"id":153,"href":"https:\/\/diagnosticlleida.com\/index.php\/wp-json\/wp\/v2\/pages\/48\/revisions\/153"}],"wp:attachment":[{"href":"https:\/\/diagnosticlleida.com\/index.php\/wp-json\/wp\/v2\/media?parent=48"}],"curies":[{"name":"wp","href":"https:\/\/api.w.org\/{rel}","templated":true}]}}