{"id":50,"date":"2017-06-20T09:43:08","date_gmt":"2017-06-20T09:43:08","guid":{"rendered":"http:\/\/diagnosticlleida.com\/?page_id=50"},"modified":"2021-02-09T17:28:09","modified_gmt":"2021-02-09T17:28:09","slug":"contacte","status":"publish","type":"page","link":"https:\/\/diagnosticlleida.com\/index.php\/contacte\/","title":{"rendered":"Contacte"},"content":{"rendered":"<p>[et_pb_section fb_built=\u00bb1&#8243; fullwidth=\u00bbon\u00bb admin_label=\u00bbSecci\u00f3n\u00bb _builder_version=\u00bb3.22&#8243;][et_pb_fullwidth_map address=\u00bbAvinguda de Balmes, 21, 25006 Lleida, Espanya\u00bb zoom_level=\u00bb17&#8243; address_lat=\u00bb41.617586272919816&#8243; address_lng=\u00bb0.6179676051178751&#8243; admin_label=\u00bbMapa de anchura completa\u00bb _builder_version=\u00bb3.0.91&#8243;][et_pb_map_pin pin_address=\u00bbAvinguda de Balmes, 21, 25006 Lleida, Espanya\u00bb pin_address_lat=\u00bb41.6179493&#8243; pin_address_lng=\u00bb0.6195428999999422&#8243; _builder_version=\u00bb3.0.47&#8243;][\/et_pb_map_pin][\/et_pb_fullwidth_map][\/et_pb_section][et_pb_section fb_built=\u00bb1&#8243; admin_label=\u00bbSecci\u00f3n\u00bb _builder_version=\u00bb3.22&#8243;][et_pb_row column_structure=\u00bb2_3,1_3&#8243; admin_label=\u00bbFila\u00bb _builder_version=\u00bb3.25&#8243; background_size=\u00bbinitial\u00bb background_position=\u00bbtop_left\u00bb background_repeat=\u00bbrepeat\u00bb][et_pb_column type=\u00bb2_3&#8243; _builder_version=\u00bb3.25&#8243; custom_padding=\u00bb|||\u00bb custom_padding__hover=\u00bb|||\u00bb][et_pb_blurb title=\u00bbSol\u00b7licita ara la teva cita\u00bb image_max_width=\u00bbnone\u00bb admin_label=\u00bbAnuncio\u00bb _builder_version=\u00bb3.0.87&#8243; header_text_color=\u00bb#23adbb\u00bb header_font_size=\u00bb7&#8243; body_font_size=\u00bb9&#8243; background_color=\u00bb#23adbb\u00bb border_style=\u00bbsolid\u00bb][\/et_pb_blurb][et_pb_text admin_label=\u00bbTexto\u00bb _builder_version=\u00bb3.27.4&#8243; border_style=\u00bbsolid\u00bb]<\/p>\n<h5><strong><span style=\"color: #23adbb;\">Sol\u00b7licita ara la teva cita <\/span><\/strong><\/h5>\n<p>[\/et_pb_text][et_pb_contact_form captcha=\u00bboff\u00bb email=\u00bbinfo@diagnosticlleida.com\u00bb success_message=\u00bbEnhorabona! El seu missatge s&#8217;ha enviat correctament!\u00bb admin_label=\u00bbFormulario de contacto\u00bb _builder_version=\u00bb4.8.2&#8243; hover_enabled=\u00bb0&#8243; border_radii=\u00bbon|0px|0px|0px|0px\u00bb border_style=\u00bbsolid\u00bb input_border_radius=\u00bb0&#8243; button_letter_spacing_hover=\u00bb0&#8243; sticky_enabled=\u00bb0&#8243;][et_pb_contact_field field_id=\u00bbName\u00bb field_title=\u00bbNom i cognoms\u00bb _builder_version=\u00bb3.23&#8243; form_field_background_color=\u00bbrgba(35,173,187,0.25)\u00bb form_field_font=\u00bb||||\u00bb use_border_color=\u00bboff\u00bb border_style=\u00bbsolid\u00bb field_background_color=\u00bbrgba(35,173,187,0.25)\u00bb button_text_size__hover_enabled=\u00bboff\u00bb button_one_text_size__hover_enabled=\u00bboff\u00bb button_two_text_size__hover_enabled=\u00bboff\u00bb button_text_color__hover_enabled=\u00bboff\u00bb button_one_text_color__hover_enabled=\u00bboff\u00bb button_two_text_color__hover_enabled=\u00bboff\u00bb button_border_width__hover_enabled=\u00bboff\u00bb button_one_border_width__hover_enabled=\u00bboff\u00bb button_two_border_width__hover_enabled=\u00bboff\u00bb button_border_color__hover_enabled=\u00bboff\u00bb button_one_border_color__hover_enabled=\u00bboff\u00bb button_two_border_color__hover_enabled=\u00bboff\u00bb button_border_radius__hover_enabled=\u00bboff\u00bb button_one_border_radius__hover_enabled=\u00bboff\u00bb button_two_border_radius__hover_enabled=\u00bboff\u00bb button_letter_spacing__hover_enabled=\u00bboff\u00bb button_one_letter_spacing__hover_enabled=\u00bboff\u00bb button_two_letter_spacing__hover_enabled=\u00bboff\u00bb button_bg_color__hover_enabled=\u00bboff\u00bb button_one_bg_color__hover_enabled=\u00bboff\u00bb button_two_bg_color__hover_enabled=\u00bboff\u00bb][\/et_pb_contact_field][et_pb_contact_field field_id=\u00bbCorreu_electr\u00f2nic\u00bb field_title=\u00bbCorreu electr\u00f2nic\u00bb field_type=\u00bbemail\u00bb _builder_version=\u00bb3.23&#8243; form_field_background_color=\u00bbrgba(35,173,187,0.25)\u00bb form_field_font=\u00bb||||\u00bb use_border_color=\u00bboff\u00bb border_style=\u00bbsolid\u00bb field_background_color=\u00bbrgba(35,173,187,0.25)\u00bb button_text_size__hover_enabled=\u00bboff\u00bb button_one_text_size__hover_enabled=\u00bboff\u00bb button_two_text_size__hover_enabled=\u00bboff\u00bb button_text_color__hover_enabled=\u00bboff\u00bb button_one_text_color__hover_enabled=\u00bboff\u00bb button_two_text_color__hover_enabled=\u00bboff\u00bb button_border_width__hover_enabled=\u00bboff\u00bb button_one_border_width__hover_enabled=\u00bboff\u00bb button_two_border_width__hover_enabled=\u00bboff\u00bb button_border_color__hover_enabled=\u00bboff\u00bb button_one_border_color__hover_enabled=\u00bboff\u00bb button_two_border_color__hover_enabled=\u00bboff\u00bb button_border_radius__hover_enabled=\u00bboff\u00bb button_one_border_radius__hover_enabled=\u00bboff\u00bb button_two_border_radius__hover_enabled=\u00bboff\u00bb button_letter_spacing__hover_enabled=\u00bboff\u00bb button_one_letter_spacing__hover_enabled=\u00bboff\u00bb button_two_letter_spacing__hover_enabled=\u00bboff\u00bb button_bg_color__hover_enabled=\u00bboff\u00bb button_one_bg_color__hover_enabled=\u00bboff\u00bb button_two_bg_color__hover_enabled=\u00bboff\u00bb][\/et_pb_contact_field][et_pb_contact_field field_id=\u00bbMissatge\u00bb field_title=\u00bbMissatge\u00bb field_type=\u00bbtext\u00bb fullwidth_field=\u00bbon\u00bb _builder_version=\u00bb3.23&#8243; form_field_background_color=\u00bbrgba(35,173,187,0.25)\u00bb form_field_font=\u00bb||||\u00bb use_border_color=\u00bboff\u00bb border_style=\u00bbsolid\u00bb field_background_color=\u00bbrgba(35,173,187,0.25)\u00bb button_text_size__hover_enabled=\u00bboff\u00bb button_one_text_size__hover_enabled=\u00bboff\u00bb button_two_text_size__hover_enabled=\u00bboff\u00bb button_text_color__hover_enabled=\u00bboff\u00bb button_one_text_color__hover_enabled=\u00bboff\u00bb button_two_text_color__hover_enabled=\u00bboff\u00bb button_border_width__hover_enabled=\u00bboff\u00bb button_one_border_width__hover_enabled=\u00bboff\u00bb button_two_border_width__hover_enabled=\u00bboff\u00bb button_border_color__hover_enabled=\u00bboff\u00bb button_one_border_color__hover_enabled=\u00bboff\u00bb button_two_border_color__hover_enabled=\u00bboff\u00bb button_border_radius__hover_enabled=\u00bboff\u00bb button_one_border_radius__hover_enabled=\u00bboff\u00bb button_two_border_radius__hover_enabled=\u00bboff\u00bb button_letter_spacing__hover_enabled=\u00bboff\u00bb button_one_letter_spacing__hover_enabled=\u00bboff\u00bb button_two_letter_spacing__hover_enabled=\u00bboff\u00bb button_bg_color__hover_enabled=\u00bboff\u00bb button_one_bg_color__hover_enabled=\u00bboff\u00bb button_two_bg_color__hover_enabled=\u00bboff\u00bb][\/et_pb_contact_field][et_pb_contact_field field_id=\u00bbmensaje_politica\u00bb field_title=\u00bbEl Responsable del Tratamiento es DIAGNOSTIC LLEIDA SL con la finalidad de gestionar la solicitud de informaci\u00f3n y de solicitud de cita y\/o respuesta a la consulta planteada en el mismo. Este tratamiento tiene como base legitimadora el consentimiento del interesado. No se ceder\u00e1n datos personales del mismo a terceros salvo por imperativo legal. Puede ejercer sus derechos de acceso, rectificaci\u00f3n, supresi\u00f3n, portabilidad, limitaci\u00f3n del tratamiento y oposici\u00f3n ante DIAGNOSTIC LLEIDA SL, Balmes 21, 2\u00ba. de Lleida 25006 (Lleida)\u00bb field_type=\u00bbtext\u00bb booleancheckbox_options=\u00bb%91{%22value%22:%22%22,%22checked%22:0,%22dragID%22:-1}%93&#8243; required_mark=\u00bboff\u00bb fullwidth_field=\u00bbon\u00bb _builder_version=\u00bb4.8.2&#8243; _module_preset=\u00bbdefault\u00bb form_field_background_color=\u00bb#FFFFFF\u00bb form_field_focus_background_color=\u00bb#FFFFFF\u00bb form_field_focus_text_color=\u00bb#FFFFFF\u00bb background_color=\u00bb#FFFFFF\u00bb background_enable_color=\u00bbon\u00bb custom_css_main_element=\u00bbpointer-events: none;\u00bb][\/et_pb_contact_field][et_pb_contact_field field_id=\u00bbpolitica_de_privacitat\u00bb field_title=\u00bb \u00bb field_type=\u00bbcheckbox\u00bb checkbox_options=\u00bb%91{%22value%22:%22Accepto la Pol\u00edtica de Privacitat%22,%22checked%22:0,%22dragID%22:-1,%22link_url%22:%22https:\/\/diagnosticlleida.com\/index.php\/politica-de-privacitat\/%22},{%22value%22:%22Accepto la Informaci\u00f3n RGPD%22,%22checked%22:0,%22dragID%22:0,%22link_url%22:%22https:\/\/diagnosticlleida.com\/index.php\/informacion-rgpd\/%22}%93&#8243; booleancheckbox_options=\u00bb%91{%22value%22:%22 %22,%22checked%22:0,%22dragID%22:-1}%93&#8243; fullwidth_field=\u00bbon\u00bb _builder_version=\u00bb4.8.2&#8243; form_field_font=\u00bb||||\u00bb hover_enabled=\u00bb0&#8243; use_border_color=\u00bboff\u00bb border_style=\u00bbsolid\u00bb button_text_size__hover_enabled=\u00bboff\u00bb button_one_text_size__hover_enabled=\u00bboff\u00bb button_two_text_size__hover_enabled=\u00bboff\u00bb button_text_color__hover_enabled=\u00bboff\u00bb button_one_text_color__hover_enabled=\u00bboff\u00bb button_two_text_color__hover_enabled=\u00bboff\u00bb button_border_width__hover_enabled=\u00bboff\u00bb button_one_border_width__hover_enabled=\u00bboff\u00bb button_two_border_width__hover_enabled=\u00bboff\u00bb button_border_color__hover_enabled=\u00bboff\u00bb button_one_border_color__hover_enabled=\u00bboff\u00bb button_two_border_color__hover_enabled=\u00bboff\u00bb button_border_radius__hover_enabled=\u00bboff\u00bb button_one_border_radius__hover_enabled=\u00bboff\u00bb button_two_border_radius__hover_enabled=\u00bboff\u00bb button_letter_spacing__hover_enabled=\u00bboff\u00bb button_one_letter_spacing__hover_enabled=\u00bboff\u00bb button_two_letter_spacing__hover_enabled=\u00bboff\u00bb button_bg_color__hover_enabled=\u00bboff\u00bb button_one_bg_color__hover_enabled=\u00bboff\u00bb button_two_bg_color__hover_enabled=\u00bboff\u00bb sticky_enabled=\u00bb0&#8243;][\/et_pb_contact_field][\/et_pb_contact_form][\/et_pb_column][et_pb_column type=\u00bb1_3&#8243; _builder_version=\u00bb3.25&#8243; custom_padding=\u00bb|||\u00bb custom_padding__hover=\u00bb|||\u00bb][et_pb_blurb title=\u00bbSol\u00b7licita ara la teva cita\u00bb image_max_width=\u00bbnone\u00bb admin_label=\u00bbAnuncio\u00bb _builder_version=\u00bb3.0.87&#8243; header_text_color=\u00bb#23adbb\u00bb header_font_size=\u00bb7&#8243; body_font_size=\u00bb9&#8243; background_color=\u00bb#23adbb\u00bb border_style=\u00bbsolid\u00bb][\/et_pb_blurb][et_pb_text admin_label=\u00bbTexto\u00bb _builder_version=\u00bb3.27.4&#8243; border_style=\u00bbsolid\u00bb]<\/p>\n<h5><strong><span style=\"color: #23adbb;\">Contacte<\/span><\/strong><\/h5>\n<p><span style=\"color: #23adbb;\">Adre\u00e7a <\/span><br \/>\nC\/Balmes, 21 2n<br \/>\n25006, Lleida<\/p>\n<p><span style=\"color: #23adbb;\">Tel\u00e8fon<\/span><br \/>\n973 52 64 81<\/p>\n<p><span style=\"color: #23adbb;\">Correu electr\u00f2nic<\/span><br \/>\ninfo@diagnosticlleida.com<br \/>\n[\/et_pb_text][\/et_pb_column][\/et_pb_row][\/et_pb_section]<\/p>\n","protected":false},"excerpt":{"rendered":"<p>[et_pb_section fb_built=\u00bb1&#8243; fullwidth=\u00bbon\u00bb admin_label=\u00bbSecci\u00f3n\u00bb _builder_version=\u00bb3.22&#8243;][et_pb_fullwidth_map address=\u00bbAvinguda de Balmes, 21, 25006 Lleida, Espanya\u00bb zoom_level=\u00bb17&#8243; address_lat=\u00bb41.617586272919816&#8243; address_lng=\u00bb0.6179676051178751&#8243; admin_label=\u00bbMapa de anchura completa\u00bb _builder_version=\u00bb3.0.91&#8243;][et_pb_map_pin pin_address=\u00bbAvinguda de Balmes, 21, 25006 Lleida, Espanya\u00bb pin_address_lat=\u00bb41.6179493&#8243; pin_address_lng=\u00bb0.6195428999999422&#8243; _builder_version=\u00bb3.0.47&#8243;][\/et_pb_map_pin][\/et_pb_fullwidth_map][\/et_pb_section][et_pb_section fb_built=\u00bb1&#8243; admin_label=\u00bbSecci\u00f3n\u00bb _builder_version=\u00bb3.22&#8243;][et_pb_row column_structure=\u00bb2_3,1_3&#8243; admin_label=\u00bbFila\u00bb _builder_version=\u00bb3.25&#8243; background_size=\u00bbinitial\u00bb background_position=\u00bbtop_left\u00bb background_repeat=\u00bbrepeat\u00bb][et_pb_column type=\u00bb2_3&#8243; _builder_version=\u00bb3.25&#8243; custom_padding=\u00bb|||\u00bb custom_padding__hover=\u00bb|||\u00bb][et_pb_blurb title=\u00bbSol\u00b7licita ara la teva cita\u00bb image_max_width=\u00bbnone\u00bb admin_label=\u00bbAnuncio\u00bb _builder_version=\u00bb3.0.87&#8243; header_text_color=\u00bb#23adbb\u00bb header_font_size=\u00bb7&#8243; body_font_size=\u00bb9&#8243; background_color=\u00bb#23adbb\u00bb [&hellip;]<\/p>\n","protected":false},"author":1,"featured_media":0,"parent":0,"menu_order":0,"comment_status":"closed","ping_status":"closed","template":"","meta":{"_et_pb_use_builder":"on","_et_pb_old_content":"","_et_gb_content_width":""},"yoast_head":"<!-- This site is optimized with the Yoast SEO plugin v15.7 - https:\/\/yoast.com\/wordpress\/plugins\/seo\/ -->\n<title>Contacte - Diagn\u00f2stic Lleida<\/title>\n<meta name=\"robots\" content=\"index, follow, max-snippet:-1, max-image-preview:large, max-video-preview:-1\" \/>\n<link rel=\"canonical\" href=\"http:\/\/diagnosticlleida.com\/index.php\/contacte\/\" \/>\n<meta property=\"og:locale\" content=\"es_ES\" \/>\n<meta property=\"og:type\" content=\"article\" \/>\n<meta property=\"og:title\" content=\"Contacte - Diagn\u00f2stic Lleida\" \/>\n<meta property=\"og:description\" content=\"[et_pb_section fb_built=\u00bb1&#8243; fullwidth=\u00bbon\u00bb admin_label=\u00bbSecci\u00f3n\u00bb _builder_version=\u00bb3.22&#8243;][et_pb_fullwidth_map address=\u00bbAvinguda de Balmes, 21, 25006 Lleida, Espanya\u00bb zoom_level=\u00bb17&#8243; address_lat=\u00bb41.617586272919816&#8243; address_lng=\u00bb0.6179676051178751&#8243; admin_label=\u00bbMapa de anchura completa\u00bb _builder_version=\u00bb3.0.91&#8243;][et_pb_map_pin pin_address=\u00bbAvinguda de Balmes, 21, 25006 Lleida, Espanya\u00bb pin_address_lat=\u00bb41.6179493&#8243; pin_address_lng=\u00bb0.6195428999999422&#8243; _builder_version=\u00bb3.0.47&#8243;][\/et_pb_map_pin][\/et_pb_fullwidth_map][\/et_pb_section][et_pb_section fb_built=\u00bb1&#8243; admin_label=\u00bbSecci\u00f3n\u00bb _builder_version=\u00bb3.22&#8243;][et_pb_row column_structure=\u00bb2_3,1_3&#8243; admin_label=\u00bbFila\u00bb _builder_version=\u00bb3.25&#8243; background_size=\u00bbinitial\u00bb background_position=\u00bbtop_left\u00bb background_repeat=\u00bbrepeat\u00bb][et_pb_column type=\u00bb2_3&#8243; _builder_version=\u00bb3.25&#8243; custom_padding=\u00bb|||\u00bb custom_padding__hover=\u00bb|||\u00bb][et_pb_blurb title=\u00bbSol\u00b7licita ara la teva cita\u00bb image_max_width=\u00bbnone\u00bb admin_label=\u00bbAnuncio\u00bb _builder_version=\u00bb3.0.87&#8243; header_text_color=\u00bb#23adbb\u00bb header_font_size=\u00bb7&#8243; body_font_size=\u00bb9&#8243; background_color=\u00bb#23adbb\u00bb [&hellip;]\" \/>\n<meta property=\"og:url\" content=\"http:\/\/diagnosticlleida.com\/index.php\/contacte\/\" \/>\n<meta property=\"og:site_name\" content=\"Diagn\u00f2stic Lleida\" \/>\n<meta property=\"article:modified_time\" content=\"2021-02-09T17:28:09+00:00\" \/>\n<meta name=\"twitter:card\" content=\"summary\" \/>\n<meta name=\"twitter:label1\" content=\"Tiempo de lectura\">\n\t<meta name=\"twitter:data1\" content=\"6 minutos\">\n<script type=\"application\/ld+json\" class=\"yoast-schema-graph\">{\"@context\":\"https:\/\/schema.org\",\"@graph\":[{\"@type\":\"WebSite\",\"@id\":\"http:\/\/diagnosticlleida.com\/#website\",\"url\":\"http:\/\/diagnosticlleida.com\/\",\"name\":\"Diagn\\u00f2stic Lleida\",\"description\":\"Diagn\\u00f2stic Lleida\",\"potentialAction\":[{\"@type\":\"SearchAction\",\"target\":\"http:\/\/diagnosticlleida.com\/?s={search_term_string}\",\"query-input\":\"required name=search_term_string\"}],\"inLanguage\":\"es\"},{\"@type\":\"WebPage\",\"@id\":\"http:\/\/diagnosticlleida.com\/index.php\/contacte\/#webpage\",\"url\":\"http:\/\/diagnosticlleida.com\/index.php\/contacte\/\",\"name\":\"Contacte - Diagn\\u00f2stic Lleida\",\"isPartOf\":{\"@id\":\"http:\/\/diagnosticlleida.com\/#website\"},\"datePublished\":\"2017-06-20T09:43:08+00:00\",\"dateModified\":\"2021-02-09T17:28:09+00:00\",\"inLanguage\":\"es\",\"potentialAction\":[{\"@type\":\"ReadAction\",\"target\":[\"http:\/\/diagnosticlleida.com\/index.php\/contacte\/\"]}]}]}<\/script>\n<!-- \/ Yoast SEO plugin. -->","_links":{"self":[{"href":"https:\/\/diagnosticlleida.com\/index.php\/wp-json\/wp\/v2\/pages\/50"}],"collection":[{"href":"https:\/\/diagnosticlleida.com\/index.php\/wp-json\/wp\/v2\/pages"}],"about":[{"href":"https:\/\/diagnosticlleida.com\/index.php\/wp-json\/wp\/v2\/types\/page"}],"author":[{"embeddable":true,"href":"https:\/\/diagnosticlleida.com\/index.php\/wp-json\/wp\/v2\/users\/1"}],"replies":[{"embeddable":true,"href":"https:\/\/diagnosticlleida.com\/index.php\/wp-json\/wp\/v2\/comments?post=50"}],"version-history":[{"count":17,"href":"https:\/\/diagnosticlleida.com\/index.php\/wp-json\/wp\/v2\/pages\/50\/revisions"}],"predecessor-version":[{"id":213,"href":"https:\/\/diagnosticlleida.com\/index.php\/wp-json\/wp\/v2\/pages\/50\/revisions\/213"}],"wp:attachment":[{"href":"https:\/\/diagnosticlleida.com\/index.php\/wp-json\/wp\/v2\/media?parent=50"}],"curies":[{"name":"wp","href":"https:\/\/api.w.org\/{rel}","templated":true}]}}